{"id":15400,"date":"2019-08-02T14:10:42","date_gmt":"2019-08-02T11:10:42","guid":{"rendered":"http:\/\/degisimkurutemizleme.com\/?post_type=product&#038;p=15400"},"modified":"2023-12-03T13:47:28","modified_gmt":"2023-12-03T10:47:28","slug":"esotman-takimi","status":"publish","type":"product","link":"https:\/\/degisimkurutemizleme.com\/index.php\/product\/esotman-takimi\/","title":{"rendered":"E\u015fotman Tak\u0131m\u0131"},"content":{"rendered":"","protected":false},"excerpt":{"rendered":"","protected":false},"featured_media":15401,"comment_status":"closed","ping_status":"closed","template":"","meta":[],"product_brand":[],"product_cat":[15],"product_tag":[],"class_list":{"0":"post-15400","1":"product","2":"type-product","3":"status-publish","4":"has-post-thumbnail","6":"product_cat-kuru-temizleme-goturk","8":"first","9":"instock","10":"shipping-taxable","11":"product-type-simple"},"_links":{"self":[{"href":"https:\/\/degisimkurutemizleme.com\/index.php\/wp-json\/wp\/v2\/product\/15400","targetHints":{"allow":["GET"]}}],"collection":[{"href":"https:\/\/degisimkurutemizleme.com\/index.php\/wp-json\/wp\/v2\/product"}],"about":[{"href":"https:\/\/degisimkurutemizleme.com\/index.php\/wp-json\/wp\/v2\/types\/product"}],"replies":[{"embeddable":true,"href":"https:\/\/degisimkurutemizleme.com\/index.php\/wp-json\/wp\/v2\/comments?post=15400"}],"wp:featuredmedia":[{"embeddable":true,"href":"https:\/\/degisimkurutemizleme.com\/index.php\/wp-json\/wp\/v2\/media\/15401"}],"wp:attachment":[{"href":"https:\/\/degisimkurutemizleme.com\/index.php\/wp-json\/wp\/v2\/media?parent=15400"}],"wp:term":[{"taxonomy":"product_brand","embeddable":true,"href":"https:\/\/degisimkurutemizleme.com\/index.php\/wp-json\/wp\/v2\/product_brand?post=15400"},{"taxonomy":"product_cat","embeddable":true,"href":"https:\/\/degisimkurutemizleme.com\/index.php\/wp-json\/wp\/v2\/product_cat?post=15400"},{"taxonomy":"product_tag","embeddable":true,"href":"https:\/\/degisimkurutemizleme.com\/index.php\/wp-json\/wp\/v2\/product_tag?post=15400"}],"curies":[{"name":"wp","href":"https:\/\/api.w.org\/{rel}","templated":true}]}}