{"id":529,"date":"2015-04-20T11:50:56","date_gmt":"2015-04-20T11:50:56","guid":{"rendered":"http:\/\/welfare.cmsmasters.net\/?page_id=529"},"modified":"2019-09-24T10:25:22","modified_gmt":"2019-09-24T07:25:22","slug":"gokturk-kuru-temizleme-hakkimizda","status":"publish","type":"page","link":"https:\/\/degisimkurutemizleme.com\/index.php\/gokturk-kuru-temizleme-hakkimizda\/","title":{"rendered":"Hakk\u0131m\u0131zda"},"content":{"rendered":"<div id=\"cmsmasters_row_lcpz1a3smm\" class=\"cmsmasters_row cmsmasters_color_scheme_default cmsmasters_row_top_default cmsmasters_row_bot_default cmsmasters_row_boxed\">\n<div class=\"cmsmasters_row_outer_parent\">\n<div class=\"cmsmasters_row_outer\">\n<div class=\"cmsmasters_row_inner\">\n<div class=\"cmsmasters_row_margin\">\n<div id=\"cmsmasters_column_6x6karwfj\" class=\"cmsmasters_column one_half\">\n<div class=\"cmsmasters_column_inner\"><div class=\"cmsmasters_content_slider_wrap\" style=\"max-width:px;\"><div id=\"cmsmasters_slider_wt3yytzl0h\" class=\"cmsmasters_owl_slider owl-carousel cmsmasters_content_slider\" data-auto-play=\"7000\" data-stop-on-hover=\"false\" data-rewind-nav=\"false\" data-slide-speed=\"600\" data-pagination-speed=\"600\" data-rewind-speed=\"1000\" data-transition-style=\"fade\" data-pagination=\"false\" data-navigation=\"false\"><div class=\"cmsmasters_owl_slider_item cmsmasters_content_slider_item\"><img loading=\"lazy\" decoding=\"async\" width=\"1416\" height=\"1062\" src=\"https:\/\/degisimkurutemizleme.com\/wp-content\/uploads\/2019\/09\/degisim-kurutemizleme.jpeg\" class=\"attachment-full size-full\" alt=\"\" srcset=\"https:\/\/degisimkurutemizleme.com\/wp-content\/uploads\/2019\/09\/degisim-kurutemizleme.jpeg 1416w, https:\/\/degisimkurutemizleme.com\/wp-content\/uploads\/2019\/09\/degisim-kurutemizleme-300x225.jpeg 300w, https:\/\/degisimkurutemizleme.com\/wp-content\/uploads\/2019\/09\/degisim-kurutemizleme-768x576.jpeg 768w, https:\/\/degisimkurutemizleme.com\/wp-content\/uploads\/2019\/09\/degisim-kurutemizleme-1024x768.jpeg 1024w, https:\/\/degisimkurutemizleme.com\/wp-content\/uploads\/2019\/09\/degisim-kurutemizleme-580x435.jpeg 580w, https:\/\/degisimkurutemizleme.com\/wp-content\/uploads\/2019\/09\/degisim-kurutemizleme-860x645.jpeg 860w, https:\/\/degisimkurutemizleme.com\/wp-content\/uploads\/2019\/09\/degisim-kurutemizleme-1160x870.jpeg 1160w, https:\/\/degisimkurutemizleme.com\/wp-content\/uploads\/2019\/09\/degisim-kurutemizleme-600x450.jpeg 600w\" sizes=\"auto, (max-width: 1416px) 100vw, 1416px\" \/><\/div><\/div>\n<\/div>\n<\/div><\/div>\n<div id=\"cmsmasters_column_9u2u5frld\" class=\"cmsmasters_column one_half\">\n<div class=\"cmsmasters_column_inner\"><div class=\"cmsmasters_text\">\n<h2>De\u011fi\u015fim Kuru Temizleme<\/h2>\n<p>2008 y\u0131l\u0131ndan g\u00fcn\u00fcm\u00fcze kadar, kaliteli hizmetiyle G\u00f6kt\u00fcrk-Kemerburgaz b\u00f6lgesinde m\u00fc\u015fterilerinin hakl\u0131 be\u011fenisini kazanan De\u011fi\u015fim Kuru Temizleme, kuru temizleme sekt\u00f6r\u00fcn\u00fcn \u00f6nde gelen firmalar\u0131ndan biri olarak hizmetine devem etmektedir. \u00d6nceli\u011fimiz kaliteyi, d\u00fcr\u00fcstl\u00fc\u011f\u00fc ve g\u00fclery\u00fcz\u00fc\u00a0kendine ilke edinen firmam\u0131z hizmet sonras\u0131 da sayg\u0131de\u011fer m\u00fc\u015fterilerinin g\u00f6r\u00fc\u015f ve \u00f6nerilerine her zaman de\u011fer vermi\u015ftir.<\/p>\n<p>Bizi yaln\u0131z b\u0131rakmayan ve bize g\u00fcvenen her m\u00fc\u015fterimize sonsuz \u015f\u00fckranlar\u0131m\u0131z\u0131 sunuyoruz.<\/p>\n<p><strong>Misyonumuz<\/strong><\/p>\n<p>DE\u011e\u0130\u015e\u0130M KURUTEM\u0130ZLEME\u00a0&#8216; nin misyonu;\u00a0hedef, ilke ve stratejileri do\u011frultusunda: \u00a0Birinci s\u0131n\u0131f hizmet vermek,\u00a0M\u00fc\u015fterilerin ve \u00e7al\u0131\u015fanlar\u0131n memnuniyetini \u00f6n planda tutmak, \u00a0\u00e7a\u011fda\u015f teknolojilerin geli\u015fmi\u015f sistemleriyle donatmakt\u0131r.<\/p>\n<p><strong>Vizyonumuz<\/strong><\/p>\n<p>DE\u011e\u0130\u015e\u0130M KURUTEM\u0130ZLEME, de\u011fi\u015fen ve geli\u015fen d\u00fcnya ko\u015fullar\u0131 i\u00e7erisinde, gelece\u011fe y\u00f6nelik bir anlay\u0131\u015fla hizmet kalitemizi art\u0131rmak.<\/p>\n<\/div>\n<div id=\"cmsmasters_divider_kwxu3c8avt\" class=\"cl\"><\/div>\n<\/div><\/div>\n<\/div>\n<\/div>\n<\/div>\n<\/div>\n<\/div>\n<div id=\"cmsmasters_row_4qh5okhgnd\" class=\"cmsmasters_row cmsmasters_color_scheme_third cmsmasters_row_top_default cmsmasters_row_bot_default cmsmasters_row_boxed\">\n<div class=\"cmsmasters_row_outer_parent\">\n<div class=\"cmsmasters_row_outer\">\n<div class=\"cmsmasters_row_inner\">\n<div class=\"cmsmasters_row_margin\">\n<div id=\"cmsmasters_column_qdxk0es0p\" class=\"cmsmasters_column one_half\">\n<div class=\"cmsmasters_column_inner\"><div id=\"cmsmasters_heading_06q3kqpw0r\" class=\"cmsmasters_heading_wrap cmsmasters_heading_align_center\">\n\t<h2 class=\"cmsmasters_heading\">De\u011fi\u015fim Temizlikle Ba\u015flar&#8230;<\/h2>\n<\/div>\n<\/div><\/div>\n<div id=\"cmsmasters_column_rcvgycqtw\" class=\"cmsmasters_column one_half\">\n<div class=\"cmsmasters_column_inner\"><div class=\"cmsmasters_text\">\n<p><\/p>\n<\/div>\n<\/div><\/div>\n<\/div>\n<\/div>\n<\/div>\n<\/div>\n<\/div>\n\n","protected":false},"excerpt":{"rendered":"","protected":false},"author":1,"featured_media":0,"parent":0,"menu_order":0,"comment_status":"closed","ping_status":"closed","template":"","meta":{"footnotes":""},"class_list":["post-529","page","type-page","status-publish","hentry"],"_links":{"self":[{"href":"https:\/\/degisimkurutemizleme.com\/index.php\/wp-json\/wp\/v2\/pages\/529","targetHints":{"allow":["GET"]}}],"collection":[{"href":"https:\/\/degisimkurutemizleme.com\/index.php\/wp-json\/wp\/v2\/pages"}],"about":[{"href":"https:\/\/degisimkurutemizleme.com\/index.php\/wp-json\/wp\/v2\/types\/page"}],"author":[{"embeddable":true,"href":"https:\/\/degisimkurutemizleme.com\/index.php\/wp-json\/wp\/v2\/users\/1"}],"replies":[{"embeddable":true,"href":"https:\/\/degisimkurutemizleme.com\/index.php\/wp-json\/wp\/v2\/comments?post=529"}],"version-history":[{"count":22,"href":"https:\/\/degisimkurutemizleme.com\/index.php\/wp-json\/wp\/v2\/pages\/529\/revisions"}],"predecessor-version":[{"id":15879,"href":"https:\/\/degisimkurutemizleme.com\/index.php\/wp-json\/wp\/v2\/pages\/529\/revisions\/15879"}],"wp:attachment":[{"href":"https:\/\/degisimkurutemizleme.com\/index.php\/wp-json\/wp\/v2\/media?parent=529"}],"curies":[{"name":"wp","href":"https:\/\/api.w.org\/{rel}","templated":true}]}}