{"id":11850,"date":"2016-06-24T12:08:02","date_gmt":"2016-06-24T12:08:02","guid":{"rendered":"http:\/\/template.cmsmasters.net\/?page_id=11850"},"modified":"2019-09-24T10:25:52","modified_gmt":"2019-09-24T07:25:52","slug":"gokturk-kuru-temizleme-iletisim","status":"publish","type":"page","link":"https:\/\/degisimkurutemizleme.com\/index.php\/gokturk-kuru-temizleme-iletisim\/","title":{"rendered":"\u0130leti\u015fim"},"content":{"rendered":"<div id=\"cmsmasters_row_28343d74ce\" class=\"cmsmasters_row cmsmasters_color_scheme_default cmsmasters_row_top_default cmsmasters_row_bot_default cmsmasters_row_boxed\">\n<div class=\"cmsmasters_row_outer_parent\">\n<div class=\"cmsmasters_row_outer\">\n<div class=\"cmsmasters_row_inner cmsmasters_row_no_margin\">\n<div class=\"cmsmasters_row_margin\">\n<div id=\"cmsmasters_column_\" class=\"cmsmasters_column one_third\">\n<div class=\"cmsmasters_column_inner\"><div id=\"cmsmasters_heading_tpdkutts4\" class=\"cmsmasters_heading_wrap cmsmasters_heading_align_left\">\n\t<h2 class=\"cmsmasters_heading\">\u0130leti\u015fim Bilgilerimiz<\/h2>\n<\/div><ul id=\"cmsmasters_icon_list_items_6gpnzrqfnk\" class=\"cmsmasters_icon_list_items cmsmasters_icon_list_type_list\"><li id=\"cmsmasters_icon_list_item_78afpgsljk\" class=\"cmsmasters_icon_list_item cmsmasters-icon-location-3\"><a href=\"https:\/\/goo.gl\/maps\/W69RzCaKcyKaJAZR9\">G\u00f6kt\u00fcrk Merkez, \u0130stanbul Cd.  Mesa Studio Plaza AVM 32\/A, 34077 Ey\u00fcp\/\u0130stanbul<\/a><\/li><li id=\"cmsmasters_icon_list_item_6i3gwy7sea\" class=\"cmsmasters_icon_list_item cmsmasters-icon-whatsapp\"><a href=\"http:\/\/api.whatsapp.com\/send?phone=905331656737\">Whatsapp +905331656737<\/a><\/li><li id=\"cmsmasters_icon_list_item_jx5h1fvtsm\" class=\"cmsmasters_icon_list_item cmsmasters-icon-phone-alt\">Bizi Aray\u0131n: +90 212 322 52 10<\/li><\/ul><div id=\"cmsmasters_heading_oho4qwwcxe\" class=\"cmsmasters_heading_wrap cmsmasters_heading_align_left\">\n\t<h2 class=\"cmsmasters_heading\">\u00c7al\u0131\u015fma Saatlerimiz<\/h2>\n<\/div><ul id=\"cmsmasters_icon_list_items_1cx9te1tzq\" class=\"cmsmasters_icon_list_items cmsmasters_icon_list_type_list\"><li id=\"cmsmasters_icon_list_item_urtsl2j9jd\" class=\"cmsmasters_icon_list_item cmsmasters-icon-time\">Pazartesi-Cumartesi: 9:00 \u2013 20:00<\/li><li id=\"cmsmasters_icon_list_item_40snpkqcgp\" class=\"cmsmasters_icon_list_item cmsmasters-icon-time\">Pazar: 11:00 \u2013 17:00<\/li><\/ul>\n<\/div><\/div>\n<div id=\"cmsmasters_column_\" class=\"cmsmasters_column two_third\">\n<div class=\"cmsmasters_column_inner\"><div id=\"cmsmasters_heading_wgwibsri51\" class=\"cmsmasters_heading_wrap cmsmasters_heading_align_left\">\n\t<h4 class=\"cmsmasters_heading\"><\/h4>\n<\/div><div class=\"custom_html\">\n<iframe loading=\"lazy\" src=\"https:\/\/www.google.com\/maps\/embed?pb=!1m14!1m8!1m3!1d12011.39240038219!2d28.8826861!3d41.1814802!3m2!1i1024!2i768!4f13.1!3m3!1m2!1s0x0%3A0x7d1955f2af3a0eba!2sDe%C4%9Fi%C5%9Fim%20Kuru%20Temizleme!5e0!3m2!1str!2str!4v1567335942622!5m2!1str!2str\" width=\"800\" height=\"450\" frameborder=\"0\" style=\"border:0;\" allowfullscreen=\"\"><\/iframe>\n<\/div>\n<\/div><\/div>\n<\/div>\n<\/div>\n<\/div>\n<\/div>\n<\/div>\n<div id=\"cmsmasters_row_reiuzgfe1d\" class=\"cmsmasters_row cmsmasters_color_scheme_default cmsmasters_row_top_default cmsmasters_row_bot_default cmsmasters_row_boxed\">\n<div class=\"cmsmasters_row_outer_parent\">\n<div class=\"cmsmasters_row_outer\">\n<div class=\"cmsmasters_row_inner\">\n<div class=\"cmsmasters_row_margin\">\n<div id=\"cmsmasters_column_rnrw449o2n\" class=\"cmsmasters_column one_half\">\n<div class=\"cmsmasters_column_inner\"><div id=\"cmsmasters_heading_gxnieif1f8\" class=\"cmsmasters_heading_wrap cmsmasters_heading_align_left\">\n\t<h2 class=\"cmsmasters_heading\">De\u011fi\u015fim Temiz Olmakla Ba\u015flar<\/h2>\n<\/div>\n<\/div><\/div>\n<div id=\"cmsmasters_column_qzhly74rdq\" class=\"cmsmasters_column one_half\">\n<div class=\"cmsmasters_column_inner\"><div class=\"cmsmasters_text\">\n<p><\/p>\n<\/div>\n<\/div><\/div>\n<\/div>\n<\/div>\n<\/div>\n<\/div>\n<\/div>\n\n","protected":false},"excerpt":{"rendered":"","protected":false},"author":1,"featured_media":0,"parent":0,"menu_order":0,"comment_status":"closed","ping_status":"closed","template":"","meta":{"footnotes":""},"class_list":["post-11850","page","type-page","status-publish","hentry"],"_links":{"self":[{"href":"https:\/\/degisimkurutemizleme.com\/index.php\/wp-json\/wp\/v2\/pages\/11850","targetHints":{"allow":["GET"]}}],"collection":[{"href":"https:\/\/degisimkurutemizleme.com\/index.php\/wp-json\/wp\/v2\/pages"}],"about":[{"href":"https:\/\/degisimkurutemizleme.com\/index.php\/wp-json\/wp\/v2\/types\/page"}],"author":[{"embeddable":true,"href":"https:\/\/degisimkurutemizleme.com\/index.php\/wp-json\/wp\/v2\/users\/1"}],"replies":[{"embeddable":true,"href":"https:\/\/degisimkurutemizleme.com\/index.php\/wp-json\/wp\/v2\/comments?post=11850"}],"version-history":[{"count":14,"href":"https:\/\/degisimkurutemizleme.com\/index.php\/wp-json\/wp\/v2\/pages\/11850\/revisions"}],"predecessor-version":[{"id":15880,"href":"https:\/\/degisimkurutemizleme.com\/index.php\/wp-json\/wp\/v2\/pages\/11850\/revisions\/15880"}],"wp:attachment":[{"href":"https:\/\/degisimkurutemizleme.com\/index.php\/wp-json\/wp\/v2\/media?parent=11850"}],"curies":[{"name":"wp","href":"https:\/\/api.w.org\/{rel}","templated":true}]}}